{"id":152,"date":"2016-06-18T11:55:51","date_gmt":"2016-06-18T08:55:51","guid":{"rendered":"http:\/\/demo.safirtema.com\/yakamoz\/?page_id=152"},"modified":"2017-01-16T12:00:23","modified_gmt":"2017-01-16T10:00:23","slug":"tanitim-videosu","status":"publish","type":"page","link":"https:\/\/erguneylerhaliyikama.com\/index.php\/tanitim-videosu\/","title":{"rendered":"Tan\u0131t\u0131m Videosu"},"content":{"rendered":"<p>Firmam\u0131z\u0131n bulundu\u011fu g\u00fczide \u015fehrimiz Yalova&#8217;m\u0131z\u0131 sizlere tan\u0131tal\u0131m.<\/p>\n<div class=\"safirEmbedContainer\">\n<p><iframe loading=\"lazy\" width=\"500\" height=\"281\" src=\"https:\/\/www.youtube.com\/embed\/0l1_gEKdvVA?feature=oembed\" frameborder=\"0\" allowfullscreen><\/iframe><\/p>\n<\/div>\n","protected":false},"excerpt":{"rendered":"<p>Firmam\u0131z\u0131n bulundu\u011fu g\u00fczide \u015fehrimiz Yalova&#8217;m\u0131z\u0131 sizlere tan\u0131tal\u0131m.<\/p>\n","protected":false},"author":1,"featured_media":0,"parent":0,"menu_order":0,"comment_status":"closed","ping_status":"closed","template":"","meta":{"ngg_post_thumbnail":0},"_links":{"self":[{"href":"https:\/\/erguneylerhaliyikama.com\/index.php\/wp-json\/wp\/v2\/pages\/152"}],"collection":[{"href":"https:\/\/erguneylerhaliyikama.com\/index.php\/wp-json\/wp\/v2\/pages"}],"about":[{"href":"https:\/\/erguneylerhaliyikama.com\/index.php\/wp-json\/wp\/v2\/types\/page"}],"author":[{"embeddable":true,"href":"https:\/\/erguneylerhaliyikama.com\/index.php\/wp-json\/wp\/v2\/users\/1"}],"replies":[{"embeddable":true,"href":"https:\/\/erguneylerhaliyikama.com\/index.php\/wp-json\/wp\/v2\/comments?post=152"}],"version-history":[{"count":3,"href":"https:\/\/erguneylerhaliyikama.com\/index.php\/wp-json\/wp\/v2\/pages\/152\/revisions"}],"predecessor-version":[{"id":567,"href":"https:\/\/erguneylerhaliyikama.com\/index.php\/wp-json\/wp\/v2\/pages\/152\/revisions\/567"}],"wp:attachment":[{"href":"https:\/\/erguneylerhaliyikama.com\/index.php\/wp-json\/wp\/v2\/media?parent=152"}],"curies":[{"name":"wp","href":"https:\/\/api.w.org\/{rel}","templated":true}]}}