{"id":570,"date":"2017-01-16T12:36:31","date_gmt":"2017-01-16T10:36:31","guid":{"rendered":"http:\/\/erguneylerhaliyikama.com\/?page_id=570"},"modified":"2025-07-26T17:22:32","modified_gmt":"2025-07-26T14:22:32","slug":"fiyatlarimiz","status":"publish","type":"page","link":"https:\/\/erguneylerhaliyikama.com\/index.php\/fiyatlarimiz\/","title":{"rendered":"Fiyatlar\u0131m\u0131z"},"content":{"rendered":"<h2><b><span data-mce-mark=\"1\">Hal\u0131 y\u0131kama fiyat listesi 26.07.2025 de g\u00fcncellenmi\u015ftir.<\/span><\/b><\/h2>\n<p>Fiyatlar\u0131m\u0131za KDV dahil de\u011fildir. 30 i\u015f g\u00fcn\u00fc i\u00e7inde al\u0131nmayan hal\u0131lardan firmam\u0131z sorumlu tutulamaz. Firmam\u0131z her t\u00fcrl\u00fc lekeyi \u00e7\u0131kartma garantisi vermemektedir.&nbsp; \u00d6demelerinizi teslimatta kredi kart\u0131 ya da nakit olarak yapabilirsiniz.<\/p>\n\n\n<div class=\"wp-block-group\"><div class=\"wp-block-group__inner-container\">\n<figure class=\"wp-block-table is-style-stripes\"><table><tbody><tr><td><strong>Makina Hal\u0131lar\u0131 (m2<\/strong>)<\/td><td class=\"has-text-align-right\" data-align=\"right\"><strong>Fiyat<\/strong><\/td><\/tr><tr><td>Saray                                     <\/td><td class=\"has-text-align-right\" data-align=\"right\">85.00 TL<\/td><\/tr><tr><td>Atlas<\/td><td class=\"has-text-align-right\" data-align=\"right\">85.00 TL<\/td><\/tr><tr><td>Koyunlu<\/td><td class=\"has-text-align-right\" data-align=\"right\">85.00 TL<\/td><\/tr><tr><td>G\u00fcm\u00fc\u015fsuyu<\/td><td class=\"has-text-align-right\" data-align=\"right\">85.00 TL<\/td><\/tr><tr><td>Ka\u015fmir<\/td><td class=\"has-text-align-right\" data-align=\"right\">85.00 TL<\/td><\/tr><tr><td>Padi\u015fah<\/td><td class=\"has-text-align-right\" data-align=\"right\">85.00 TL<\/td><\/tr><tr><td>Akrilik Nepal Hal\u0131lar<\/td><td class=\"has-text-align-right\" data-align=\"right\">85.00 TL<\/td><\/tr><tr><td>Shaggy-K\u0131sa Havlu<\/td><td class=\"has-text-align-right\" data-align=\"right\">85.00 TL<\/td><\/tr><tr><td>Shaggy-Uzun Havlu<\/td><td class=\"has-text-align-right\" data-align=\"right\">85.00 TL<\/td><\/tr><\/tbody><\/table><\/figure>\n<\/div><\/div>\n\n\n\n<div class=\"wp-block-group\"><div class=\"wp-block-group__inner-container\">\n<figure class=\"wp-block-table is-style-stripes\"><table><tbody><tr><td><strong>Y\u00dcN MAK\u0130NE HALILARI m2<\/strong><\/td><td class=\"has-text-align-right\" data-align=\"right\"><strong>Fiyat<\/strong><\/td><\/tr><tr><td>Saray Y\u00fcn<\/td><td class=\"has-text-align-right\" data-align=\"right\">90.00 TL<\/td><\/tr><tr><td>G\u00fcm\u00fc\u015fsuyu Y\u00fcn<\/td><td class=\"has-text-align-right\" data-align=\"right\">90.00 TL<\/td><\/tr><tr><td>Bahariye Y\u00fcn<\/td><td class=\"has-text-align-right\" data-align=\"right\">90.00 TL<\/td><\/tr><tr><td>Ka\u015fmir Y\u00fcn<\/td><td class=\"has-text-align-right\" data-align=\"right\">90.00 TL<\/td><\/tr><tr><td>Koyunlu&nbsp;Y\u00fcn<\/td><td class=\"has-text-align-right\" data-align=\"right\">90.00 TL<\/td><\/tr><tr><td>Y\u00fcn Kilim<\/td><td class=\"has-text-align-right\" data-align=\"right\">90.00 TL<\/td><\/tr><tr><td>Hint Kilim<\/td><td class=\"has-text-align-right\" data-align=\"right\">90.00 TL<\/td><\/tr><\/tbody><\/table><\/figure>\n<\/div><\/div>\n\n\n\n<div class=\"wp-block-group\"><div class=\"wp-block-group__inner-container\">\n<figure class=\"wp-block-table is-style-stripes\"><table><tbody><tr><td><strong>EL DOKUMA HALILAR (m2\/TL)<\/strong><\/td><td class=\"has-text-align-right\" data-align=\"right\"><strong>Fiyat<\/strong><\/td><\/tr><tr><td>Isparta Hal\u0131<\/td><td class=\"has-text-align-right\" data-align=\"right\">90.00 TL<\/td><\/tr><tr><td>B\u00fcnyan\/Ladik\/Y\u00f6r\u00fck\/Milas<\/td><td class=\"has-text-align-right\" data-align=\"right\">90.00 TL<\/td><\/tr><tr><td>Step<\/td><td class=\"has-text-align-right\" data-align=\"right\">90.00 TL<\/td><\/tr><tr><td>Hereke<\/td><td class=\"has-text-align-right\" data-align=\"right\">90.00 TL<\/td><\/tr><tr><td>Ta\u015fp\u0131nar<\/td><td class=\"has-text-align-right\" data-align=\"right\">90.00 TL<\/td><\/tr><tr><td>\u00c7in Nepal<\/td><td class=\"has-text-align-right\" data-align=\"right\">90.00 TL<\/td><\/tr><tr><td>\u00c7in \u0130pek<\/td><td class=\"has-text-align-right\" data-align=\"right\">90.00 TL<\/td><\/tr><tr><td>Deri Hal\u0131lar<\/td><td class=\"has-text-align-right\" data-align=\"right\">90.00 TL<\/td><\/tr><tr><td>\u0130pek Hal\u0131lar<\/td><td class=\"has-text-align-right\" data-align=\"right\">90.00 TL<\/td><\/tr><\/tbody><\/table><\/figure>\n<\/div><\/div>\n\n\n\n<figure class=\"wp-block-table is-style-stripes\"><table><tbody><tr><td><strong>HALI KENAR OVERLO\u011eU (mt\/TL)<\/strong><\/td><td class=\"has-text-align-right\" data-align=\"right\"><strong>Fiyat<\/strong><\/td><\/tr><tr><td>Hal\u0131 Kenar Overlo\u011fu<\/td><td class=\"has-text-align-right\" data-align=\"right\">60.00 TL<\/td><\/tr><\/tbody><\/table><\/figure>\n\n\n\n<figure class=\"wp-block-table is-style-stripes\"><table><tbody><tr><td><strong>STORE PERDE YIKAMA<\/strong><\/td><td class=\"has-text-align-right\" data-align=\"right\"><strong>Fiyat<\/strong><\/td><\/tr><tr><td>Store Perde                             <\/td><td class=\"has-text-align-right\" data-align=\"right\">&nbsp;80.00 TL<\/td><\/tr><tr><td>Zebra Perde<\/td><td class=\"has-text-align-right\" data-align=\"right\">&nbsp;80.00 TL<\/td><\/tr><\/tbody><\/table><\/figure>\n\n\n\n<div class=\"wp-block-group\"><div class=\"wp-block-group__inner-container\">\n<figure class=\"wp-block-table is-style-stripes\"><table><tbody><tr><td><strong>\u00dcr\u00fcn<\/strong><\/td><td class=\"has-text-align-right\" data-align=\"right\"><strong>Fiyat<\/strong><\/td><\/tr><tr><td>Koltuk Minderli<\/td><td class=\"has-text-align-right\" data-align=\"right\">1800.00 TL<\/td><\/tr><tr><td>Koltuk Mindersiz<\/td><td class=\"has-text-align-right\" data-align=\"right\">1500.00 TL<\/td><\/tr><tr><td>\u00c7ekyat \/ kanepe adet<\/td><td class=\"has-text-align-right\" data-align=\"right\">500.00 TL<\/td><\/tr><tr><td>Sandalye<\/td><td class=\"has-text-align-right\" data-align=\"right\">150.00 TL<\/td><\/tr><tr><td>Yatak Tek Ki\u015filik<\/td><td class=\"has-text-align-right\" data-align=\"right\">&nbsp;700.00 TL<\/td><\/tr><tr><td>Yatak \u00c7ift Ki\u015filik<\/td><td class=\"has-text-align-right\" data-align=\"right\">1000.00 TL<\/td><\/tr><tr><td>Yorgan (Y\u00fcn ve pamuk yorganda b\u00fcz\u00fc\u015fme ve topla\u015fma sorunundan firmam\u0131z sorumlu de\u011fldir.)<\/td><td class=\"has-text-align-right\" data-align=\"right\">500.00 TL<\/td><\/tr><tr><td>Yast\u0131k<\/td><td class=\"has-text-align-right\" data-align=\"right\">50.00 TL<\/td><\/tr><tr><td>Battaniye<\/td><td class=\"has-text-align-right\" data-align=\"right\">250.00 TL<\/td><\/tr><tr><td>Sentetik Yorgan<\/td><td class=\"has-text-align-right\" data-align=\"right\">400.00 TL<\/td><\/tr><\/tbody><\/table><\/figure>\n\n\n\n<p><\/p>\n<\/div><\/div>\n\n\n\n<p><\/p>\n","protected":false},"excerpt":{"rendered":"<p>Hal\u0131 y\u0131kama fiyat listesi 26.07.2025 de g\u00fcncellenmi\u015ftir. Fiyatlar\u0131m\u0131za KDV dahil de\u011fildir. 30 i\u015f g\u00fcn\u00fc i\u00e7inde al\u0131nmayan hal\u0131lardan firmam\u0131z sorumlu tutulamaz. Firmam\u0131z her t\u00fcrl\u00fc lekeyi \u00e7\u0131kartma garantisi vermemektedir.&nbsp; \u00d6demelerinizi teslimatta kredi kart\u0131 ya da nakit olarak yapabilirsiniz. HALI KENAR OVERLO\u011eU (mt\/TL) Fiyat Hal\u0131 Kenar Overlo\u011fu 60.00 TL STORE PERDE YIKAMA Fiyat Store Perde &nbsp;80.00 TL Zebra [&hellip;]<\/p>\n","protected":false},"author":1,"featured_media":0,"parent":0,"menu_order":0,"comment_status":"closed","ping_status":"closed","template":"","meta":{"ngg_post_thumbnail":0},"_links":{"self":[{"href":"https:\/\/erguneylerhaliyikama.com\/index.php\/wp-json\/wp\/v2\/pages\/570"}],"collection":[{"href":"https:\/\/erguneylerhaliyikama.com\/index.php\/wp-json\/wp\/v2\/pages"}],"about":[{"href":"https:\/\/erguneylerhaliyikama.com\/index.php\/wp-json\/wp\/v2\/types\/page"}],"author":[{"embeddable":true,"href":"https:\/\/erguneylerhaliyikama.com\/index.php\/wp-json\/wp\/v2\/users\/1"}],"replies":[{"embeddable":true,"href":"https:\/\/erguneylerhaliyikama.com\/index.php\/wp-json\/wp\/v2\/comments?post=570"}],"version-history":[{"count":61,"href":"https:\/\/erguneylerhaliyikama.com\/index.php\/wp-json\/wp\/v2\/pages\/570\/revisions"}],"predecessor-version":[{"id":934,"href":"https:\/\/erguneylerhaliyikama.com\/index.php\/wp-json\/wp\/v2\/pages\/570\/revisions\/934"}],"wp:attachment":[{"href":"https:\/\/erguneylerhaliyikama.com\/index.php\/wp-json\/wp\/v2\/media?parent=570"}],"curies":[{"name":"wp","href":"https:\/\/api.w.org\/{rel}","templated":true}]}}