{"id":585,"date":"2017-01-16T12:55:04","date_gmt":"2017-01-16T10:55:04","guid":{"rendered":"http:\/\/erguneylerhaliyikama.com\/?page_id=585"},"modified":"2017-01-20T22:50:12","modified_gmt":"2017-01-20T20:50:12","slug":"yun-hali-yikama","status":"publish","type":"page","link":"https:\/\/erguneylerhaliyikama.com\/index.php\/yun-hali-yikama\/","title":{"rendered":"Y\u00fcn Hal\u0131 Y\u0131kama"},"content":{"rendered":"<p><strong>Y\u00fcn hal\u0131 y\u0131kama<\/strong> \u00f6zel <strong>hal\u0131 y\u0131kama<\/strong> makinelerinden\u00a0ge\u00e7ilerek hal\u0131n\u0131z\u0131 hasars\u0131z ve g\u00fcvenilir bir \u015fekilde teslim alabilmenizin garantisini vermekteyiz.<\/p>\n<p>G\u00fcn\u00fcm\u00fczde hal\u0131 \u00e7e\u015fitleri olduk\u00e7a fazlad\u0131r ve temizlenmesi de hi\u00e7 de kolay olmamaktad\u0131r. Nas\u0131l hal\u0131lar\u0131n t\u00fcrleri var ise hal\u0131 y\u0131kaman\u0131n da t\u00fcrleri \u00e7e\u015fit \u00e7e\u015fittir. Erg\u00fcneyler hal\u0131 y\u0131kama da bu i\u015flemleri otomatik bilgisayarlar yard\u0131m\u0131 ile insan eli fazla de\u011fmeden yap\u0131lmaktad\u0131r. \u00a0Y\u00fcn hal\u0131 y\u0131kama\u00a0i\u015flemlerinde\u00a0hal\u0131lar \u00e7ok hassas oldu\u011fu i\u00e7in \u00e7ok \u00e7abuk hasar alabiliyor ve i\u015flerin de iyi olmayan firmalara bu hal\u0131lar\u0131n\u0131z\u0131 teslim etti\u011finiz de ise hal\u0131n\u0131z\u0131 telafisi olmayan hasarlar ile geri alabilme \u015fans\u0131n\u0131z \u00e7ok y\u00fcksektir.\u00a0Erg\u00fcneyler hal\u0131 y\u0131kamada bu hal\u0131 t\u00fcrlerine \u00e7ok hassas davran\u0131lmaktad\u0131r ve m\u00fc\u015fteriye hal\u0131lar\u0131 en iyi \u015fekilde teslim etmekteyiz.<\/p>\n","protected":false},"excerpt":{"rendered":"<p>Y\u00fcn hal\u0131 y\u0131kama \u00f6zel hal\u0131 y\u0131kama makinelerinden\u00a0ge\u00e7ilerek hal\u0131n\u0131z\u0131 hasars\u0131z ve g\u00fcvenilir bir \u015fekilde teslim alabilmenizin garantisini vermekteyiz. G\u00fcn\u00fcm\u00fczde hal\u0131 \u00e7e\u015fitleri olduk\u00e7a fazlad\u0131r ve temizlenmesi de hi\u00e7 de kolay olmamaktad\u0131r. Nas\u0131l hal\u0131lar\u0131n t\u00fcrleri var ise hal\u0131 y\u0131kaman\u0131n da t\u00fcrleri \u00e7e\u015fit \u00e7e\u015fittir. Erg\u00fcneyler hal\u0131 y\u0131kama da bu i\u015flemleri otomatik bilgisayarlar yard\u0131m\u0131 ile insan eli fazla de\u011fmeden yap\u0131lmaktad\u0131r. [&hellip;]<\/p>\n","protected":false},"author":1,"featured_media":0,"parent":0,"menu_order":0,"comment_status":"closed","ping_status":"closed","template":"","meta":{"ngg_post_thumbnail":0},"_links":{"self":[{"href":"https:\/\/erguneylerhaliyikama.com\/index.php\/wp-json\/wp\/v2\/pages\/585"}],"collection":[{"href":"https:\/\/erguneylerhaliyikama.com\/index.php\/wp-json\/wp\/v2\/pages"}],"about":[{"href":"https:\/\/erguneylerhaliyikama.com\/index.php\/wp-json\/wp\/v2\/types\/page"}],"author":[{"embeddable":true,"href":"https:\/\/erguneylerhaliyikama.com\/index.php\/wp-json\/wp\/v2\/users\/1"}],"replies":[{"embeddable":true,"href":"https:\/\/erguneylerhaliyikama.com\/index.php\/wp-json\/wp\/v2\/comments?post=585"}],"version-history":[{"count":2,"href":"https:\/\/erguneylerhaliyikama.com\/index.php\/wp-json\/wp\/v2\/pages\/585\/revisions"}],"predecessor-version":[{"id":650,"href":"https:\/\/erguneylerhaliyikama.com\/index.php\/wp-json\/wp\/v2\/pages\/585\/revisions\/650"}],"wp:attachment":[{"href":"https:\/\/erguneylerhaliyikama.com\/index.php\/wp-json\/wp\/v2\/media?parent=585"}],"curies":[{"name":"wp","href":"https:\/\/api.w.org\/{rel}","templated":true}]}}