{"id":595,"date":"2017-01-16T13:00:20","date_gmt":"2017-01-16T11:00:20","guid":{"rendered":"http:\/\/erguneylerhaliyikama.com\/?page_id=595"},"modified":"2017-01-20T22:47:23","modified_gmt":"2017-01-20T20:47:23","slug":"koltuk-yikama","status":"publish","type":"page","link":"https:\/\/erguneylerhaliyikama.com\/index.php\/koltuk-yikama\/","title":{"rendered":"Koltuk Y\u0131kama"},"content":{"rendered":"<p>Erg\u00fcneyler hal\u0131 y\u0131kama firmas\u0131 ihtiya\u00e7 duydu\u011funuz anda <strong>hal\u0131 y\u0131kama<\/strong> hizmetinde her daim yan\u0131n\u0131zda ihtiyac\u0131n\u0131z olan hal\u0131 y\u0131kama koltuk y\u0131kama yerinde hal\u0131 y\u0131kama hal\u0131 y\u0131kama hal\u0131 y\u0131kama i\u00e7in bizi araman\u0131z yeterli olacakt\u0131r.<\/p>\n<p><span id=\"result_box\" lang=\"tr\">Koltuklar\u0131 lekeleri ve k\u0131r\u0131nt\u0131lar\u0131 her t\u00fcrl\u00fc emer. Evde \u00e7e\u015fitli y\u00f6ntemlerle koltuklar\u0131n\u0131z temizlemeye \u00e7al\u0131\u015ft\u0131\u011f\u0131nda, asl\u0131nda temizli\u011fi sa\u011flayamaz, kir ve lekenin koltuk s\u00fcngeri taraf\u0131ndan emilmesine neden olursunuz. Vakum makinesi kullan\u0131lmadan yap\u0131lan koltuk y\u0131kama i\u015flemi hijyen sa\u011flamaz ve sizin ve sevdiklerinizin sa\u011fl\u0131\u011f\u0131n\u0131 tehdit eder. Bu nedenle koltuklar\u0131n\u0131z\u0131 i\u015fini iyi bilen, son teknoloji makineleri kullanan bir koltuk y\u0131kama firmas\u0131na yapt\u0131rman\u0131zda \u00e7ok fayda vard\u0131r.<\/span><\/p>\n<div id=\"gt-c\" class=\"g-section\">\n<div id=\"gt-text-all\">\u00a0Firmam\u0131z taraf\u0131ndan yap\u0131lan y\u0131kama i\u015flemi \u015fimdi yeni teknolojik \u00fcr\u00fcnleriyle <em>koltuk y\u0131kama\u00a0<\/em>hizmeti\u00a0vermektedir.\u00a0Koltuklar\u0131n\u0131z\u0131n \u00fczerindeki herhangi bir kir, leke varsa firmam\u0131z size en iyi deste\u011fi verecektir.<\/div>\n<\/form>\n<\/div>\n<\/div>\n<p>Biz <strong>koltuk y\u0131kama<\/strong> i\u015flemini nas\u0131l yap\u0131yoruz ihtiyac\u0131n\u0131z olmas\u0131 halinde firmam\u0131z\u0131 aray\u0131p sizinde uygun oldu\u011funuz bir zaman dilimine randevu al\u0131yorsunuz randevu g\u00fcn\u00fc ve saatinde uzman ekibimiz gerekli t\u00fcm ekipmanlar\u0131 ile adresinize geliyor ilk olarak koltuklar\u0131n\u0131zda bulunan tozlar\u0131 kuvvetli vakum makinesi ile vakumlayarak tozdan ar\u0131nd\u0131r\u0131yor tozdan ar\u0131nd\u0131r\u0131lan koltuklar\u0131n\u0131z k\u00f6p\u00fck makinesi ile k\u00f6p\u00fckleniyor ve f\u0131r\u00e7alan\u0131yor \u00a0f\u0131rca i\u015flemi sonras\u0131 vakum makinas\u0131 ile tekrar vakumlan\u0131p nem seviyesi en aza indiriliyor bir ka\u00e7 saat sonra oturmaya haz\u0131r hale geliyor.<br \/>\nSize kalansa tertemiz koltuklarda oturup keyfini \u00e7\u0131karmakt\u0131r.<br \/>\nSizde zahmetsizce\u00a0koltuk y\u0131kama\u00a0hizmetimizden yararlanmak istiyorsan\u0131z size bir telefon kadar yak\u0131nday\u0131z.<\/p>\n","protected":false},"excerpt":{"rendered":"<p>Erg\u00fcneyler hal\u0131 y\u0131kama firmas\u0131 ihtiya\u00e7 duydu\u011funuz anda hal\u0131 y\u0131kama hizmetinde her daim yan\u0131n\u0131zda ihtiyac\u0131n\u0131z olan hal\u0131 y\u0131kama koltuk y\u0131kama yerinde hal\u0131 y\u0131kama hal\u0131 y\u0131kama hal\u0131 y\u0131kama i\u00e7in bizi araman\u0131z yeterli olacakt\u0131r. Koltuklar\u0131 lekeleri ve k\u0131r\u0131nt\u0131lar\u0131 her t\u00fcrl\u00fc emer. Evde \u00e7e\u015fitli y\u00f6ntemlerle koltuklar\u0131n\u0131z temizlemeye \u00e7al\u0131\u015ft\u0131\u011f\u0131nda, asl\u0131nda temizli\u011fi sa\u011flayamaz, kir ve lekenin koltuk s\u00fcngeri taraf\u0131ndan emilmesine neden [&hellip;]<\/p>\n","protected":false},"author":1,"featured_media":0,"parent":0,"menu_order":0,"comment_status":"closed","ping_status":"closed","template":"","meta":{"ngg_post_thumbnail":0},"_links":{"self":[{"href":"https:\/\/erguneylerhaliyikama.com\/index.php\/wp-json\/wp\/v2\/pages\/595"}],"collection":[{"href":"https:\/\/erguneylerhaliyikama.com\/index.php\/wp-json\/wp\/v2\/pages"}],"about":[{"href":"https:\/\/erguneylerhaliyikama.com\/index.php\/wp-json\/wp\/v2\/types\/page"}],"author":[{"embeddable":true,"href":"https:\/\/erguneylerhaliyikama.com\/index.php\/wp-json\/wp\/v2\/users\/1"}],"replies":[{"embeddable":true,"href":"https:\/\/erguneylerhaliyikama.com\/index.php\/wp-json\/wp\/v2\/comments?post=595"}],"version-history":[{"count":2,"href":"https:\/\/erguneylerhaliyikama.com\/index.php\/wp-json\/wp\/v2\/pages\/595\/revisions"}],"predecessor-version":[{"id":644,"href":"https:\/\/erguneylerhaliyikama.com\/index.php\/wp-json\/wp\/v2\/pages\/595\/revisions\/644"}],"wp:attachment":[{"href":"https:\/\/erguneylerhaliyikama.com\/index.php\/wp-json\/wp\/v2\/media?parent=595"}],"curies":[{"name":"wp","href":"https:\/\/api.w.org\/{rel}","templated":true}]}}